{"id":195,"date":"2025-06-26T19:19:59","date_gmt":"2025-06-26T19:19:59","guid":{"rendered":"https:\/\/wieslawzawadzki.pl\/?page_id=195"},"modified":"2025-06-30T12:12:48","modified_gmt":"2025-06-30T12:12:48","slug":"bio","status":"publish","type":"page","link":"https:\/\/wieslawzawadzki.pl\/?page_id=195","title":{"rendered":"BIO"},"content":{"rendered":"\n<p style=\"font-size:18px\"><strong>Wies\u0142aw Zawadzki to artysta z pasj\u0105 przywracaj\u0105cy blask jednemu z najbardziej nastrojowych, lecz zapomnianych instrument\u00f3w \u2013 fletni Pana. Cho\u0107 jego muzycznym \u017cywio\u0142em s\u0105 instrumenty klawiszowe, to w\u0142a\u015bnie fletnia dotkn\u0119\u0142a najczulszych strun jego duszy.<\/strong><\/p>\n\n\n\n<p style=\"font-size:18px\">Jego fascynacja tym instrumentem rozpocz\u0119\u0142a si\u0119 pod koniec lat 80-tych ubieg\u0142ego wieku, gdy na polskich ulicach pojawi\u0142y si\u0119 pierwsze grupy muzyczne z Peru. Z czasem s\u0142uchanie i zachwyt zamieni\u0142y si\u0119 w dzia\u0142anie \u2013 dzi\u015b Wies\u0142aw Zawadzki zachwyca s\u0142uchaczy w szko\u0142ach, salach koncertowych i domach kultury.<\/p>\n\n\n\n<div class=\"wp-block-envira-envira-gallery\"><div id=\"envira-gallery-wrap-12475\" class=\"envira-gallery-wrap envira-gallery-theme-base envira-lightbox-theme-base\" itemscope itemtype=\"https:\/\/schema.org\/ImageGallery\"><div data-row-height=\"400\" data-gallery-theme=\"normal\" id=\"envira-gallery-12475\" class=\"envira-gallery-public envira-gallery-justified-public envira-gallery-0-columns envira-clear enviratope envira-gallery-css-animations\" data-envira-columns=\"0\"><div id=\"envira-gallery-item-12388\" class=\"envira-gallery-item enviratope-item envira-gallery-item-1 envira-lazy-load\" style=\"padding-left: 3px; padding-bottom: 5px; padding-right: 3px;\"  itemscope itemtype=\"https:\/\/schema.org\/ImageObject\"><div class=\"envira-gallery-item-inner\"><div class=\"envira-gallery-position-overlay  envira-gallery-top-left\"><\/div><div class=\"envira-gallery-position-overlay  envira-gallery-top-right\"><\/div><div class=\"envira-gallery-position-overlay  envira-gallery-bottom-left\"><\/div><div class=\"envira-gallery-position-overlay  envira-gallery-bottom-right\"><\/div><a href=\"https:\/\/wieslawzawadzki.pl\/wp-content\/uploads\/2025\/06\/Wieslaw-Zawadzki_crop1-scaled.jpg\" class=\"envira-gallery-12475 envira-gallery-link\" rel=\"enviragallery12475\" title=\"Wies\u0142aw Zawadzki\" data-envira-caption=\"Wies\u0142aw Zawadzki\" data-envira-retina=\"\" data-thumbnail=\"\"  itemprop=\"contentUrl\"><img decoding=\"async\" id=\"envira-gallery-image-12388\" class=\"envira-gallery-image envira-gallery-image-1 envira-normal envira-lazy\" data-envira-index=\"1\" src=\"https:\/\/wieslawzawadzki.pl\/wp-content\/uploads\/2025\/06\/Wieslaw-Zawadzki_crop1-1024x1024.jpg\" data-envira-src=\"https:\/\/wieslawzawadzki.pl\/wp-content\/uploads\/2025\/06\/Wieslaw-Zawadzki_crop1-1024x1024.jpg\" data-envira-gallery-id=\"12475\" data-envira-item-id=\"12388\" data-envira-caption=\"Wies\u0142aw Zawadzki\" alt=\"\" title=\"Wies\u0142aw Zawadzki\"  itemprop=\"thumbnailUrl\" data-envira-srcset=\"https:\/\/wieslawzawadzki.pl\/wp-content\/uploads\/2025\/06\/Wieslaw-Zawadzki_crop1-1024x1024.jpg 400w,https:\/\/wieslawzawadzki.pl\/wp-content\/uploads\/2025\/06\/Wieslaw-Zawadzki_crop1-1024x1024.jpg 2x\" data-envira-width=\"300\" data-envira-height=\"300\" srcset=\"data:image\/gif;base64,R0lGODlhAQABAIAAAP\/\/\/\/\/\/\/yH5BAEKAAEALAAAAAABAAEAAAICTAEAOw==\" data-safe-src=\"data:image\/gif;base64,R0lGODlhAQABAIAAAP\/\/\/\/\/\/\/yH5BAEKAAEALAAAAAABAAEAAAICTAEAOw==\" \/><\/a><\/div><\/div><div id=\"envira-gallery-item-303\" class=\"envira-gallery-item enviratope-item envira-gallery-item-2 envira-lazy-load\" style=\"padding-left: 3px; padding-bottom: 5px; padding-right: 3px;\"  itemscope itemtype=\"https:\/\/schema.org\/ImageObject\"><div class=\"envira-gallery-item-inner\"><div class=\"envira-gallery-position-overlay  envira-gallery-top-left\"><\/div><div class=\"envira-gallery-position-overlay  envira-gallery-top-right\"><\/div><div class=\"envira-gallery-position-overlay  envira-gallery-bottom-left\"><\/div><div class=\"envira-gallery-position-overlay  envira-gallery-bottom-right\"><\/div><a href=\"https:\/\/wieslawzawadzki.pl\/wp-content\/uploads\/2025\/06\/unsplash-image-mc0cqrkx.jpg\" class=\"envira-gallery-12475 envira-gallery-link\" rel=\"enviragallery12475\" title=\"Wies\u0142aw Zawadzki &amp;amp;#8211; fletnia\" data-envira-caption=\"Wies\u0142aw Zawadzki &amp;amp;#8211; fletnia\" data-envira-retina=\"\" data-thumbnail=\"\"  itemprop=\"contentUrl\"><img decoding=\"async\" id=\"envira-gallery-image-303\" class=\"envira-gallery-image envira-gallery-image-2 envira-normal envira-lazy\" data-envira-index=\"2\" src=\"https:\/\/wieslawzawadzki.pl\/wp-content\/uploads\/2025\/06\/unsplash-image-mc0cqrkx-1024x1024.jpg\" data-envira-src=\"https:\/\/wieslawzawadzki.pl\/wp-content\/uploads\/2025\/06\/unsplash-image-mc0cqrkx-1024x1024.jpg\" data-envira-gallery-id=\"12475\" data-envira-item-id=\"303\" data-envira-caption=\"Wies\u0142aw Zawadzki &amp;amp;#8211; fletnia\" alt=\"\" title=\"Wies\u0142aw Zawadzki &amp;#8211; fletnia\"  itemprop=\"thumbnailUrl\" data-envira-srcset=\"https:\/\/wieslawzawadzki.pl\/wp-content\/uploads\/2025\/06\/unsplash-image-mc0cqrkx-1024x1024.jpg 400w,https:\/\/wieslawzawadzki.pl\/wp-content\/uploads\/2025\/06\/unsplash-image-mc0cqrkx-1024x1024.jpg 2x\" data-envira-width=\"300\" data-envira-height=\"300\" srcset=\"data:image\/gif;base64,R0lGODlhAQABAIAAAP\/\/\/\/\/\/\/yH5BAEKAAEALAAAAAABAAEAAAICTAEAOw==\" data-safe-src=\"data:image\/gif;base64,R0lGODlhAQABAIAAAP\/\/\/\/\/\/\/yH5BAEKAAEALAAAAAABAAEAAAICTAEAOw==\" \/><\/a><\/div><\/div><\/div><\/div><noscript><img decoding=\"async\" src=\"https:\/\/wieslawzawadzki.pl\/wp-content\/uploads\/2025\/06\/Wieslaw-Zawadzki_crop1-scaled.jpg\" alt=\"\" \/><img decoding=\"async\" src=\"https:\/\/wieslawzawadzki.pl\/wp-content\/uploads\/2025\/06\/unsplash-image-mc0cqrkx.jpg\" alt=\"\" \/><\/noscript><\/div>\n\n\n\n<p style=\"font-size:18px\">W\u015br\u00f3d najwa\u017cniejszych moment\u00f3w w jego karierze znalaz\u0142y si\u0119:<\/p>\n\n\n\n<ul class=\"wp-block-list\">\n<li style=\"font-size:18px\">wyst\u0119p podczas kanonizacji \u015bw. Jana Paw\u0142a II, gdzie zagra\u0142 \u201eBark\u0119\u201d wsp\u00f3lnie z dr Jaros\u0142awem Jasiur\u0105 \u2013 by\u0142ym dyrygentem ch\u00f3ru jasnog\u00f3rskiego,<\/li>\n\n\n\n<li style=\"font-size:18px\">udzia\u0142 w 36. Kluczborskich Koncertach Muzyki Organowej i Kameralnej,<\/li>\n\n\n\n<li style=\"font-size:18px\">koncert kol\u0119d w ramach \u201eKluczborskich \u015awi\u0105t Online\u201d,<\/li>\n\n\n\n<li style=\"font-size:18px\">wyst\u0119p w programie \u201eO!polskie o poranku\u201d w TVP3 Opole,<\/li>\n\n\n\n<li style=\"font-size:18px\">liczne koncerty na lokalnych wydarzeniach \u2013 m.in. WO\u015aP, jarmarki, wydarzenia edukacyjne, spotkania okoliczno\u015bciowe.<\/li>\n<\/ul>\n\n\n\n<p><\/p>\n\n\n\n<p style=\"font-size:18px\">Jego gra porusza, opowie\u015bci inspiruj\u0105, a instrument m\u00f3wi w\u0142asnym j\u0119zykiem. Fletnia Pana w jego r\u0119kach to nie tylko muzyka \u2013 to prze\u017cycie.<\/p>\n\n\n\n<p style=\"font-size:18px\"><em>\u2013 Na fletni gra si\u0119 przede wszystkim sercem i&nbsp;dusz\u0105<\/em>&nbsp;\u2013 m\u00f3wi muzyk.<\/p>\n\n\n\n<p style=\"font-size:18px\"><\/p>\n","protected":false},"excerpt":{"rendered":"<p>Wies\u0142aw Zawadzki to artysta z pasj\u0105 przywracaj\u0105cy blask jednemu z najbardziej nastrojowych, lecz zapomnianych instrument\u00f3w \u2013 fletni Pana. Cho\u0107 jego muzycznym \u017cywio\u0142em s\u0105 instrumenty klawiszowe, to w\u0142a\u015bnie fletnia dotkn\u0119\u0142a najczulszych &#8230;<\/p>\n","protected":false},"author":1,"featured_media":0,"parent":0,"menu_order":0,"comment_status":"closed","ping_status":"closed","template":"","meta":{"_monsterinsights_skip_tracking":false,"_monsterinsights_sitenote_active":false,"_monsterinsights_sitenote_note":"","_monsterinsights_sitenote_category":0,"footnotes":""},"class_list":["post-195","page","type-page","status-publish","hentry"],"aioseo_notices":[],"_links":{"self":[{"href":"https:\/\/wieslawzawadzki.pl\/index.php?rest_route=\/wp\/v2\/pages\/195","targetHints":{"allow":["GET"]}}],"collection":[{"href":"https:\/\/wieslawzawadzki.pl\/index.php?rest_route=\/wp\/v2\/pages"}],"about":[{"href":"https:\/\/wieslawzawadzki.pl\/index.php?rest_route=\/wp\/v2\/types\/page"}],"author":[{"embeddable":true,"href":"https:\/\/wieslawzawadzki.pl\/index.php?rest_route=\/wp\/v2\/users\/1"}],"replies":[{"embeddable":true,"href":"https:\/\/wieslawzawadzki.pl\/index.php?rest_route=%2Fwp%2Fv2%2Fcomments&post=195"}],"version-history":[{"count":18,"href":"https:\/\/wieslawzawadzki.pl\/index.php?rest_route=\/wp\/v2\/pages\/195\/revisions"}],"predecessor-version":[{"id":12480,"href":"https:\/\/wieslawzawadzki.pl\/index.php?rest_route=\/wp\/v2\/pages\/195\/revisions\/12480"}],"wp:attachment":[{"href":"https:\/\/wieslawzawadzki.pl\/index.php?rest_route=%2Fwp%2Fv2%2Fmedia&parent=195"}],"curies":[{"name":"wp","href":"https:\/\/api.w.org\/{rel}","templated":true}]}}