{"id":214,"date":"2025-06-26T19:52:17","date_gmt":"2025-06-26T19:52:17","guid":{"rendered":"https:\/\/wieslawzawadzki.pl\/?page_id=214"},"modified":"2025-06-27T21:03:22","modified_gmt":"2025-06-27T21:03:22","slug":"kontakt","status":"publish","type":"page","link":"https:\/\/wieslawzawadzki.pl\/?page_id=214","title":{"rendered":"Kontakt"},"content":{"rendered":"\n<p style=\"font-size:18px\">Skontaktuj si\u0119, aby dowiedzie\u0107 si\u0119 wi\u0119cej o moich koncertach, warsztatach i mo\u017cliwo\u015bciach wsp\u00f3\u0142pracy. Czekam na Twoje wiadomo\u015bci! E-mail:&nbsp;<a href=\"mailto:zawadzkiw1957@gmail.com\">zawadzkiw1957@gmail.com<\/a><\/p>\n\n\n\n<figure class=\"wp-block-gallery has-nested-images columns-default is-cropped wp-block-gallery-1 is-layout-flex wp-block-gallery-is-layout-flex\">\n<figure class=\"wp-block-image size-large\"><img loading=\"lazy\" decoding=\"async\" width=\"1024\" height=\"980\" data-id=\"177\" src=\"https:\/\/wieslawzawadzki.pl\/wp-content\/uploads\/2025\/06\/cropped-DSC_4268-scaled-e1750956829181-1-1024x980.jpg\" alt=\"\" class=\"wp-image-177\"\/><\/figure>\n\n\n\n<figure class=\"wp-block-image size-large\"><img loading=\"lazy\" decoding=\"async\" width=\"1024\" height=\"1024\" data-id=\"301\" src=\"https:\/\/wieslawzawadzki.pl\/wp-content\/uploads\/2025\/06\/unsplash-image-mc0elnh3-1024x1024.jpg\" alt=\"\" class=\"wp-image-301\" srcset=\"https:\/\/wieslawzawadzki.pl\/wp-content\/uploads\/2025\/06\/unsplash-image-mc0elnh3-1024x1024.jpg 1024w, https:\/\/wieslawzawadzki.pl\/wp-content\/uploads\/2025\/06\/unsplash-image-mc0elnh3-300x300.jpg 300w, https:\/\/wieslawzawadzki.pl\/wp-content\/uploads\/2025\/06\/unsplash-image-mc0elnh3-150x150.jpg 150w, https:\/\/wieslawzawadzki.pl\/wp-content\/uploads\/2025\/06\/unsplash-image-mc0elnh3-768x768.jpg 768w\" sizes=\"auto, (max-width: 1024px) 100vw, 1024px\" \/><\/figure>\n<\/figure>\n\n\n<style id=\"wpforms-css-vars-12319-block-bbb073b8-6539-49d8-93a6-1debe1024b03\">\n\t\t\t\t#wpforms-12319.wpforms-block-bbb073b8-6539-49d8-93a6-1debe1024b03 {\n\t\t\t\t--wpforms-label-color: #262626;\n--wpforms-label-sublabel-color: #7f7f7f;\n--wpforms-label-error-color: #ff0000;\n--wpforms-page-break-color: #dddddd;\n--wpforms-field-border-style: dashed;\n--wpforms-field-border-radius: 5px;\n--wpforms-field-border-color: #cccccc;\n--wpforms-field-border-color-spare: #cccccc;\n--wpforms-field-text-color: #444444;\n--wpforms-button-border-style: solid;\n--wpforms-button-border-radius: 0px;\n--wpforms-button-background-color: #dddddd;\n--wpforms-button-text-color: #666666;\n--wpforms-button-border-color: #cccccc;\n--wpforms-field-size-input-height: 31px;\n--wpforms-field-size-input-spacing: 10px;\n--wpforms-field-size-font-size: 14px;\n--wpforms-field-size-line-height: 17px;\n--wpforms-field-size-padding-h: 9px;\n--wpforms-field-size-checkbox-size: 14px;\n--wpforms-field-size-sublabel-spacing: 5px;\n--wpforms-field-size-icon-size: 0.75;\n--wpforms-label-size-font-size: 14px;\n--wpforms-label-size-line-height: 17px;\n--wpforms-label-size-sublabel-font-size: 13px;\n--wpforms-label-size-sublabel-line-height: 16px;\n--wpforms-button-size-font-size: 14px;\n--wpforms-button-size-height: 37px;\n--wpforms-button-size-padding-h: 15px;\n--wpforms-button-size-margin-top: 5px;\n\t\t\t}\n\t\t\t<\/style><div class=\"wpforms-container wpforms-container-full wpforms-block wpforms-block-bbb073b8-6539-49d8-93a6-1debe1024b03 wpforms-render-modern\" id=\"wpforms-12319\"><form id=\"wpforms-form-12319\" class=\"wpforms-validate wpforms-form wpforms-ajax-form\" data-formid=\"12319\" method=\"post\" enctype=\"multipart\/form-data\" action=\"\/index.php?rest_route=%2Fwp%2Fv2%2Fpages%2F214\" data-token=\"7aeca70e975bcba74cc35db5cbd7c314\" data-token-time=\"1777332093\"><noscript class=\"wpforms-error-noscript\">Aby wype\u0142ni\u0107 ten formularz, w\u0142\u0105cz obs\u0142ug\u0119 JavaScript w przegl\u0105darce.<\/noscript><div id=\"wpforms-error-noscript\" style=\"display: none;\">Aby wype\u0142ni\u0107 ten formularz, w\u0142\u0105cz obs\u0142ug\u0119 JavaScript w przegl\u0105darce.<\/div><div class=\"wpforms-field-container\"><div id=\"wpforms-12319-field_1-container\" class=\"wpforms-field wpforms-field-name\" data-field-id=\"1\"><fieldset><legend class=\"wpforms-field-label\">Pe\u0142ne imi\u0119 i nazwisko<\/legend><div class=\"wpforms-field-row wpforms-field-medium\"><div class=\"wpforms-field-row-block wpforms-first wpforms-one-half\"><input type=\"text\" id=\"wpforms-12319-field_1\" class=\"wpforms-field-name-first\" name=\"wpforms[fields][1][first]\" aria-errormessage=\"wpforms-12319-field_1-error\" ><label for=\"wpforms-12319-field_1\" class=\"wpforms-field-sublabel after\">Pierwszy<\/label><\/div><div class=\"wpforms-field-row-block wpforms-one-half\"><input type=\"text\" id=\"wpforms-12319-field_1-last\" class=\"wpforms-field-name-last\" name=\"wpforms[fields][1][last]\" aria-errormessage=\"wpforms-12319-field_1-last-error\" ><label for=\"wpforms-12319-field_1-last\" class=\"wpforms-field-sublabel after\">Ostatni<\/label><\/div><\/div><\/fieldset><\/div><div id=\"wpforms-12319-field_2-container\" class=\"wpforms-field wpforms-field-email\" data-field-id=\"2\"><label class=\"wpforms-field-label\" for=\"wpforms-12319-field_2\">E-mail nadawcy<\/label><input type=\"email\" id=\"wpforms-12319-field_2\" class=\"wpforms-field-medium\" name=\"wpforms[fields][2]\" spellcheck=\"false\" aria-errormessage=\"wpforms-12319-field_2-error\" ><\/div>\t\t<div id=\"wpforms-12319-field_4-container\"\n\t\t\tclass=\"wpforms-field wpforms-field-text\"\n\t\t\tdata-field-type=\"text\"\n\t\t\tdata-field-id=\"4\"\n\t\t\t>\n\t\t\t<label class=\"wpforms-field-label\" for=\"wpforms-12319-field_4\" >nazwisko nadawcy E-mail<\/label>\n\t\t\t<input type=\"text\" id=\"wpforms-12319-field_4\" class=\"wpforms-field-medium\" name=\"wpforms[fields][4]\" >\n\t\t<\/div>\n\t\t<div id=\"wpforms-12319-field_3-container\" class=\"wpforms-field wpforms-field-textarea\" data-field-id=\"3\"><label class=\"wpforms-field-label\" for=\"wpforms-12319-field_3\">Wiadomo\u015b\u0107<\/label><textarea id=\"wpforms-12319-field_3\" class=\"wpforms-field-medium\" name=\"wpforms[fields][3]\" aria-errormessage=\"wpforms-12319-field_3-error\" ><\/textarea><\/div><script>\n\t\t\t\t( function() {\n\t\t\t\t\tconst style = document.createElement( 'style' );\n\t\t\t\t\tstyle.appendChild( document.createTextNode( '#wpforms-12319-field_4-container { position: absolute !important; overflow: hidden !important; display: inline !important; height: 1px !important; width: 1px !important; z-index: -1000 !important; padding: 0 !important; } #wpforms-12319-field_4-container input { visibility: hidden; } #wpforms-conversational-form-page #wpforms-12319-field_4-container label { counter-increment: none; }' ) );\n\t\t\t\t\tdocument.head.appendChild( style );\n\t\t\t\t\tdocument.currentScript?.remove();\n\t\t\t\t} )();\n\t\t\t<\/script><\/div><!-- .wpforms-field-container --><div class=\"wpforms-submit-container\" ><input type=\"hidden\" name=\"wpforms[id]\" value=\"12319\"><input type=\"hidden\" name=\"page_title\" value=\"\"><input type=\"hidden\" name=\"page_url\" value=\"https:\/\/wieslawzawadzki.pl\/index.php?rest_route=\/wp\/v2\/pages\/214\"><input type=\"hidden\" name=\"url_referer\" value=\"\"><button type=\"submit\" name=\"wpforms[submit]\" id=\"wpforms-submit-12319\" class=\"wpforms-submit\" data-alt-text=\"Wysy\u0142anie...\" data-submit-text=\"Wy\u015blij\" aria-live=\"assertive\" value=\"wpforms-submit\">Wy\u015blij<\/button><img loading=\"lazy\" decoding=\"async\" src=\"https:\/\/wieslawzawadzki.pl\/wp-content\/plugins\/wpforms-lite\/assets\/images\/submit-spin.svg\" class=\"wpforms-submit-spinner\" style=\"display: none;\" width=\"26\" height=\"26\" alt=\"Wczytywanie\"><\/div><\/form><\/div>  <!-- .wpforms-container -->\n\n\n<p><\/p>\n","protected":false},"excerpt":{"rendered":"<p>Skontaktuj si\u0119, aby dowiedzie\u0107 si\u0119 wi\u0119cej o moich koncertach, warsztatach i mo\u017cliwo\u015bciach wsp\u00f3\u0142pracy. Czekam na Twoje wiadomo\u015bci! E-mail:&nbsp;zawadzkiw1957@gmail.com<\/p>\n","protected":false},"author":1,"featured_media":0,"parent":0,"menu_order":0,"comment_status":"closed","ping_status":"closed","template":"","meta":{"_monsterinsights_skip_tracking":false,"_monsterinsights_sitenote_active":false,"_monsterinsights_sitenote_note":"","_monsterinsights_sitenote_category":0,"footnotes":""},"class_list":["post-214","page","type-page","status-publish","hentry"],"aioseo_notices":[],"_links":{"self":[{"href":"https:\/\/wieslawzawadzki.pl\/index.php?rest_route=\/wp\/v2\/pages\/214","targetHints":{"allow":["GET"]}}],"collection":[{"href":"https:\/\/wieslawzawadzki.pl\/index.php?rest_route=\/wp\/v2\/pages"}],"about":[{"href":"https:\/\/wieslawzawadzki.pl\/index.php?rest_route=\/wp\/v2\/types\/page"}],"author":[{"embeddable":true,"href":"https:\/\/wieslawzawadzki.pl\/index.php?rest_route=\/wp\/v2\/users\/1"}],"replies":[{"embeddable":true,"href":"https:\/\/wieslawzawadzki.pl\/index.php?rest_route=%2Fwp%2Fv2%2Fcomments&post=214"}],"version-history":[{"count":13,"href":"https:\/\/wieslawzawadzki.pl\/index.php?rest_route=\/wp\/v2\/pages\/214\/revisions"}],"predecessor-version":[{"id":12472,"href":"https:\/\/wieslawzawadzki.pl\/index.php?rest_route=\/wp\/v2\/pages\/214\/revisions\/12472"}],"wp:attachment":[{"href":"https:\/\/wieslawzawadzki.pl\/index.php?rest_route=%2Fwp%2Fv2%2Fmedia&parent=214"}],"curies":[{"name":"wp","href":"https:\/\/api.w.org\/{rel}","templated":true}]}}